{"id":385,"date":"2018-03-08T12:46:55","date_gmt":"2018-03-08T11:46:55","guid":{"rendered":"http:\/\/www.ofpa.net\/?page_id=385"},"modified":"2018-03-08T17:26:54","modified_gmt":"2018-03-08T16:26:54","slug":"activites-2008","status":"publish","type":"page","link":"https:\/\/www.ofpa.net\/ru\/activites-2008\/","title":{"rendered":"ACTIVITES 2008"},"content":{"rendered":"<p><strong>SEMINAIRE REGIONAL <\/strong><br \/>\n<strong>THEME :\u00a0Protection sociale et retraite dans les fonctions publiques africaines : Principes de base et exp\u00e9riences compar\u00e9es<\/strong><br \/>\nBissau (Guin\u00e9e Bissau), du 29 au 31 octobre 2008<\/p>\n\n<!-- \u0421\u0433\u0435\u043d\u0435\u0440\u0438\u0440\u043e\u0432\u0430\u043d\u043e \u0438\u0441\u043f\u043e\u043b\u044c\u0437\u0443\u044f Document Gallery. \u041f\u043e\u043d\u0440\u0430\u0432\u0438\u043b\u043e\u0441\u044c? \u041f\u043e\u043b\u0443\u0447\u0438\u0442\u0435 \u0412\u0430\u0448\u0443 \u043a\u043e\u043f\u0438\u044e \u0437\u0434\u0435\u0441\u044c: http:\/\/wordpress.org\/extend\/plugins\/document-gallery -->\n<div id=\"document-gallery-1\" class=\"document-gallery dg-paginate-wrapper\" data-shortcode='{\"id\":385,\"include\":\"407,408,409,410,411,412,413,414,415,416\",\"exclude\":\"\",\"attachment_pg\":false,\"columns\":5,\"descriptions\":false,\"fancy\":true,\"limit\":5,\"mime_types\":\"application,video,text,audio,image\",\"new_window\":false,\"order\":\"ASC\",\"orderby\":\"post__in\",\"paginate\":true,\"post_status\":\"any\",\"post_type\":\"attachment\",\"relation\":\"AND\",\"skip\":0}' data-icon-width='19'>\n<div class='document-icon-row'>\n   <div class=\"document-icon\">\n      <a href=\"https:\/\/www.ofpa.net\/wp-content\/uploads\/2018\/03\/Experience-C\u00f4te-dIvoire-1.pdf\" target=\"_self\">\n         <img src=\"http:\/\/www.ofpa.net\/wp-content\/uploads\/2018\/03\/Experience-C\u00f4te-dIvoire-1-thumb.png\" title=\"Experience C\u00f4te d&#8217;Ivoire\" alt=\"Experience C\u00f4te d&#8217;Ivoire\" data-ext=\"pdf\"\/>\n         <span class=\"title\">Experience C\u00f4te d&#8217;Ivoire<\/span>\n      <\/a>\n   <\/div>\n   <div class=\"document-icon\">\n      <a href=\"https:\/\/www.ofpa.net\/wp-content\/uploads\/2018\/03\/Exp\u00e9rience-Guinee-Bissau-1.pdf\" target=\"_self\">\n         <img src=\"http:\/\/www.ofpa.net\/wp-content\/uploads\/2018\/03\/Exp\u00e9rience-Guinee-Bissau-1-thumb.png\" title=\"Exp\u00e9rience Guinee Bissau\" alt=\"Exp\u00e9rience Guinee Bissau\" data-ext=\"pdf\"\/>\n         <span class=\"title\">Exp\u00e9rience Guinee Bissau<\/span>\n      <\/a>\n   <\/div>\n   <div class=\"document-icon\">\n      <a href=\"https:\/\/www.ofpa.net\/wp-content\/uploads\/2018\/03\/Experience-Niger-1.pdf\" target=\"_self\">\n         <img src=\"http:\/\/www.ofpa.net\/wp-content\/uploads\/2018\/03\/Experience-Niger-1-thumb.png\" title=\"Experience Niger\" alt=\"Experience Niger\" data-ext=\"pdf\"\/>\n         <span class=\"title\">Experience Niger<\/span>\n      <\/a>\n   <\/div>\n   <div class=\"document-icon\">\n      <a href=\"https:\/\/www.ofpa.net\/wp-content\/uploads\/2018\/03\/Experience-Senegal-1.pdf\" target=\"_self\">\n         <img src=\"http:\/\/www.ofpa.net\/wp-content\/uploads\/2018\/03\/Experience-Senegal-1-thumb.png\" title=\"Experience Senegal\" alt=\"Experience Senegal\" data-ext=\"pdf\"\/>\n         <span class=\"title\">Experience Senegal<\/span>\n      <\/a>\n   <\/div>\n   <div class=\"document-icon\">\n      <a href=\"https:\/\/www.ofpa.net\/wp-content\/uploads\/2018\/03\/Experience-Tchad-1.pdf\" target=\"_self\">\n         <img src=\"http:\/\/www.ofpa.net\/wp-content\/uploads\/2018\/03\/Experience-Tchad-1-thumb.png\" title=\"Experience Tchad\" alt=\"Experience Tchad\" data-ext=\"pdf\"\/>\n         <span class=\"title\">Experience Tchad<\/span>\n      <\/a>\n   <\/div>\n\n<\/div>\n<div class=\"paginate\"><span aria-current=\"page\" class=\"page-numbers current\">1<\/span>\n<a class=\"page-numbers\" href=\"#dg_page=2\">2<\/a>\n<a class=\"next page-numbers\" href=\"#dg_page=2\">&raquo;<\/a><\/div><\/div>\n<p><strong>TABLE RONDE\u00a0OFPA\/PDM<br \/>\n<\/strong><strong>THEME :\u00a0Quelles perspectives pour une fonction publique territoriale et\/ou locale en Afrique\u00a0?<br \/>\n<\/strong><em>R\u00e9flexions sur les implications de la d\u00e9centralisation sur la r\u00e9forme de la fonction publique.<br \/>\n<\/em><em>Exemples du B\u00e9nin, Burkina Faso, Mali, S\u00e9n\u00e9gal<br \/>\n<\/em><\/p>\n\n<!-- \u0421\u0433\u0435\u043d\u0435\u0440\u0438\u0440\u043e\u0432\u0430\u043d\u043e \u0438\u0441\u043f\u043e\u043b\u044c\u0437\u0443\u044f Document Gallery. \u041f\u043e\u043d\u0440\u0430\u0432\u0438\u043b\u043e\u0441\u044c? \u041f\u043e\u043b\u0443\u0447\u0438\u0442\u0435 \u0412\u0430\u0448\u0443 \u043a\u043e\u043f\u0438\u044e \u0437\u0434\u0435\u0441\u044c: http:\/\/wordpress.org\/extend\/plugins\/document-gallery -->\n<div id=\"document-gallery-2\" class=\"document-gallery dg-paginate-wrapper\" data-shortcode='{\"id\":385,\"include\":\"418,419,420,421,422,423\",\"exclude\":\"\",\"attachment_pg\":false,\"columns\":5,\"descriptions\":false,\"fancy\":true,\"limit\":5,\"mime_types\":\"application,video,text,audio,image\",\"new_window\":false,\"order\":\"ASC\",\"orderby\":\"post__in\",\"paginate\":true,\"post_status\":\"any\",\"post_type\":\"attachment\",\"relation\":\"AND\",\"skip\":0}' data-icon-width='19'>\n<div class='document-icon-row'>\n   <div class=\"document-icon\">\n      <a href=\"https:\/\/www.ofpa.net\/wp-content\/uploads\/2018\/03\/Communication-Benin-1.pdf\" target=\"_self\">\n         <img src=\"http:\/\/www.ofpa.net\/wp-content\/uploads\/2018\/03\/Communication-Benin-1-thumb.png\" title=\"Communication Benin\" alt=\"Communication Benin\" data-ext=\"pdf\"\/>\n         <span class=\"title\">Communication Benin<\/span>\n      <\/a>\n   <\/div>\n   <div class=\"document-icon\">\n      <a href=\"https:\/\/www.ofpa.net\/wp-content\/uploads\/2018\/03\/Communication-Burkina-1.pdf\" target=\"_self\">\n         <img src=\"http:\/\/www.ofpa.net\/wp-content\/uploads\/2018\/03\/Communication-Burkina-1-thumb.png\" title=\"Communication Burkina\" alt=\"Communication Burkina\" data-ext=\"pdf\"\/>\n         <span class=\"title\">Communication Burkina<\/span>\n      <\/a>\n   <\/div>\n   <div class=\"document-icon\">\n      <a href=\"https:\/\/www.ofpa.net\/wp-content\/uploads\/2018\/03\/Communication-Mali-1.pdf\" target=\"_self\">\n         <img src=\"http:\/\/www.ofpa.net\/wp-content\/uploads\/2018\/03\/Communication-Mali-1-thumb.png\" title=\"Communication Mali\" alt=\"Communication Mali\" data-ext=\"pdf\"\/>\n         <span class=\"title\">Communication Mali<\/span>\n      <\/a>\n   <\/div>\n   <div class=\"document-icon\">\n      <a href=\"https:\/\/www.ofpa.net\/wp-content\/uploads\/2018\/03\/Communication-Senegal-1.pdf\" target=\"_self\">\n         <img src=\"http:\/\/www.ofpa.net\/wp-content\/uploads\/2018\/03\/Communication-Senegal-1-thumb.png\" title=\"Communication Senegal\" alt=\"Communication Senegal\" data-ext=\"pdf\"\/>\n         <span class=\"title\">Communication Senegal<\/span>\n      <\/a>\n   <\/div>\n   <div class=\"document-icon\">\n      <a href=\"https:\/\/www.ofpa.net\/wp-content\/uploads\/2018\/03\/Liste-des-participants-1.pdf\" target=\"_self\">\n         <img src=\"http:\/\/www.ofpa.net\/wp-content\/uploads\/2018\/03\/Liste-des-participants-1-thumb.png\" title=\"Liste des participants\" alt=\"Liste des participants\" data-ext=\"pdf\"\/>\n         <span class=\"title\">Liste des participants<\/span>\n      <\/a>\n   <\/div>\n\n<\/div>\n<div class=\"paginate\"><span aria-current=\"page\" class=\"page-numbers current\">1<\/span>\n<a class=\"page-numbers\" href=\"#dg_page=2\">2<\/a>\n<a class=\"next page-numbers\" href=\"#dg_page=2\">&raquo;<\/a><\/div><\/div>\n<p><em>\u00a0<\/em><\/p>\n<p>&nbsp;<\/p>\n","protected":false},"excerpt":{"rendered":"<p>SEMINAIRE REGIONAL THEME :\u00a0Protection sociale et retraite dans les fonctions publiques africaines : Principes de base et exp\u00e9riences compar\u00e9es Bissau (Guin\u00e9e Bissau), du 29 au 31 octobre 2008 TABLE RONDE\u00a0OFPA\/PDM&#8230; <a class=\"read-more-button\" href=\"https:\/\/www.ofpa.net\/ru\/activites-2008\/\">\u0414\u0410\u041b\u0415\u0415 &gt;<\/a><\/p>\n","protected":false},"author":1,"featured_media":0,"parent":0,"menu_order":0,"comment_status":"closed","ping_status":"closed","template":"","meta":[],"_links":{"self":[{"href":"https:\/\/www.ofpa.net\/ru\/wp-json\/wp\/v2\/pages\/385"}],"collection":[{"href":"https:\/\/www.ofpa.net\/ru\/wp-json\/wp\/v2\/pages"}],"about":[{"href":"https:\/\/www.ofpa.net\/ru\/wp-json\/wp\/v2\/types\/page"}],"author":[{"embeddable":true,"href":"https:\/\/www.ofpa.net\/ru\/wp-json\/wp\/v2\/users\/1"}],"replies":[{"embeddable":true,"href":"https:\/\/www.ofpa.net\/ru\/wp-json\/wp\/v2\/comments?post=385"}],"version-history":[{"count":4,"href":"https:\/\/www.ofpa.net\/ru\/wp-json\/wp\/v2\/pages\/385\/revisions"}],"predecessor-version":[{"id":424,"href":"https:\/\/www.ofpa.net\/ru\/wp-json\/wp\/v2\/pages\/385\/revisions\/424"}],"wp:attachment":[{"href":"https:\/\/www.ofpa.net\/ru\/wp-json\/wp\/v2\/media?parent=385"}],"curies":[{"name":"wp","href":"https:\/\/api.w.org\/{rel}","templated":true}]}}