{"id":375,"date":"2018-03-08T12:33:59","date_gmt":"2018-03-08T11:33:59","guid":{"rendered":"http:\/\/www.ofpa.net\/?page_id=375"},"modified":"2018-03-08T12:33:59","modified_gmt":"2018-03-08T11:33:59","slug":"activites-2016","status":"publish","type":"page","link":"https:\/\/www.ofpa.net\/ru\/activites-2016\/","title":{"rendered":"ACTIVITES 2016"},"content":{"rendered":"\n<!-- \u0421\u0433\u0435\u043d\u0435\u0440\u0438\u0440\u043e\u0432\u0430\u043d\u043e \u0438\u0441\u043f\u043e\u043b\u044c\u0437\u0443\u044f Document Gallery. \u041f\u043e\u043d\u0440\u0430\u0432\u0438\u043b\u043e\u0441\u044c? \u041f\u043e\u043b\u0443\u0447\u0438\u0442\u0435 \u0412\u0430\u0448\u0443 \u043a\u043e\u043f\u0438\u044e \u0437\u0434\u0435\u0441\u044c: http:\/\/wordpress.org\/extend\/plugins\/document-gallery -->\n<div id=\"document-gallery-1\" class=\"document-gallery\" data-shortcode='{\"id\":375,\"include\":\"376,377,378,379,380,381\",\"exclude\":\"\",\"attachment_pg\":false,\"columns\":5,\"descriptions\":false,\"fancy\":true,\"limit\":-1,\"mime_types\":\"application,video,text,audio,image\",\"new_window\":false,\"order\":\"ASC\",\"orderby\":\"post__in\",\"paginate\":true,\"post_status\":\"any\",\"post_type\":\"attachment\",\"relation\":\"AND\",\"skip\":0}' data-icon-width='19'>\n<div class='document-icon-row'>\n   <div class=\"document-icon\">\n      <a href=\"https:\/\/www.ofpa.net\/wp-content\/uploads\/2018\/03\/Liste-des-participants-Atelier-PF-2016.pdf\" target=\"_self\">\n         <img src=\"http:\/\/www.ofpa.net\/wp-content\/uploads\/2018\/03\/Liste-des-participants-Atelier-PF-2016-thumb.png\" title=\"Liste des participants Atelier PF 2016\" alt=\"Liste des participants Atelier PF 2016\" data-ext=\"pdf\"\/>\n         <span class=\"title\">Liste des participants Atelier PF 2016<\/span>\n      <\/a>\n   <\/div>\n   <div class=\"document-icon\">\n      <a href=\"https:\/\/www.ofpa.net\/wp-content\/uploads\/2018\/03\/Rapport-G\u00e9n\u00e9ral_S\u00e9minaire_OFPA-2016.pdf\" target=\"_self\">\n         <img src=\"http:\/\/www.ofpa.net\/wp-content\/uploads\/2018\/03\/Rapport-G\u00e9n\u00e9ral_S\u00e9minaire_OFPA-2016-thumb.png\" title=\"Rapport G\u00e9n\u00e9ral_S\u00e9minaire_OFPA 2016\" alt=\"Rapport G\u00e9n\u00e9ral_S\u00e9minaire_OFPA 2016\" data-ext=\"pdf\"\/>\n         <span class=\"title\">Rapport G\u00e9n\u00e9ral_S\u00e9minaire_OFPA 2016<\/span>\n      <\/a>\n   <\/div>\n   <div class=\"document-icon\">\n      <a href=\"https:\/\/www.ofpa.net\/wp-content\/uploads\/2018\/03\/TDRs-Atelier-Portugais.pdf\" target=\"_self\">\n         <img src=\"http:\/\/www.ofpa.net\/wp-content\/uploads\/2018\/03\/TDRs-Atelier-Portugais-thumb.png\" title=\"TDRs Atelier (Portugais)\" alt=\"TDRs Atelier (Portugais)\" data-ext=\"pdf\"\/>\n         <span class=\"title\">TDRs Atelier (Portugais)<\/span>\n      <\/a>\n   <\/div>\n   <div class=\"document-icon\">\n      <a href=\"https:\/\/www.ofpa.net\/wp-content\/uploads\/2018\/03\/TDRs-Atelier-PF-Espagnol.pdf\" target=\"_self\">\n         <img src=\"http:\/\/www.ofpa.net\/wp-content\/uploads\/2018\/03\/TDRs-Atelier-PF-Espagnol-thumb.png\" title=\"TDRs Atelier PF (Espagnol)\" alt=\"TDRs Atelier PF (Espagnol)\" data-ext=\"pdf\"\/>\n         <span class=\"title\">TDRs Atelier PF (Espagnol)<\/span>\n      <\/a>\n   <\/div>\n   <div class=\"document-icon\">\n      <a href=\"https:\/\/www.ofpa.net\/wp-content\/uploads\/2018\/03\/TDRs-Atelier-PF-Fran\u00e7ais.pdf\" target=\"_self\">\n         <img src=\"http:\/\/www.ofpa.net\/wp-content\/uploads\/2018\/03\/TDRs-Atelier-PF-Fran\u00e7ais-thumb.png\" title=\"TDRs Atelier PF (Fran\u00e7ais)\" alt=\"TDRs Atelier PF (Fran\u00e7ais)\" data-ext=\"pdf\"\/>\n         <span class=\"title\">TDRs Atelier PF (Fran\u00e7ais)<\/span>\n      <\/a>\n   <\/div>\n\n<\/div>\n<div class='document-icon-row'>\n   <div class=\"document-icon\">\n      <a href=\"https:\/\/www.ofpa.net\/wp-content\/uploads\/2018\/03\/TORs-Workshop-Anglais.pdf\" target=\"_self\">\n         <img src=\"http:\/\/www.ofpa.net\/wp-content\/uploads\/2018\/03\/TORs-Workshop-Anglais-thumb.png\" title=\"TDRs Workshop (Anglais)\" alt=\"TDRs Workshop (Anglais)\" data-ext=\"pdf\"\/>\n         <span class=\"title\">TDRs Workshop (Anglais)<\/span>\n      <\/a>\n   <\/div>\n\n<\/div>\n<\/div>\n","protected":false},"excerpt":{"rendered":"Liste des participants Atelier PF 2016 Rapport G\u00e9n\u00e9ral_S\u00e9minaire_OFPA 2016 TDRs Atelier (Portugais) TDRs Atelier PF (Espagnol) TDRs Atelier PF (Fran\u00e7ais) TDRs Workshop (Anglais)","protected":false},"author":1,"featured_media":0,"parent":0,"menu_order":0,"comment_status":"closed","ping_status":"closed","template":"","meta":[],"_links":{"self":[{"href":"https:\/\/www.ofpa.net\/ru\/wp-json\/wp\/v2\/pages\/375"}],"collection":[{"href":"https:\/\/www.ofpa.net\/ru\/wp-json\/wp\/v2\/pages"}],"about":[{"href":"https:\/\/www.ofpa.net\/ru\/wp-json\/wp\/v2\/types\/page"}],"author":[{"embeddable":true,"href":"https:\/\/www.ofpa.net\/ru\/wp-json\/wp\/v2\/users\/1"}],"replies":[{"embeddable":true,"href":"https:\/\/www.ofpa.net\/ru\/wp-json\/wp\/v2\/comments?post=375"}],"version-history":[{"count":3,"href":"https:\/\/www.ofpa.net\/ru\/wp-json\/wp\/v2\/pages\/375\/revisions"}],"predecessor-version":[{"id":404,"href":"https:\/\/www.ofpa.net\/ru\/wp-json\/wp\/v2\/pages\/375\/revisions\/404"}],"wp:attachment":[{"href":"https:\/\/www.ofpa.net\/ru\/wp-json\/wp\/v2\/media?parent=375"}],"curies":[{"name":"wp","href":"https:\/\/api.w.org\/{rel}","templated":true}]}}