{"id":425,"date":"2018-03-08T22:29:03","date_gmt":"2018-03-08T21:29:03","guid":{"rendered":"http:\/\/www.ofpa.net\/?page_id=425"},"modified":"2018-03-09T11:35:36","modified_gmt":"2018-03-09T10:35:36","slug":"activites-2017","status":"publish","type":"page","link":"https:\/\/www.ofpa.net\/fr\/activites-2017\/","title":{"rendered":"ACTIVITES 2017"},"content":{"rendered":"<p>[vc_row][vc_column][vc_column_text]<\/p>\n<h4>DEUXIEME RENCONTRE DES POINTS FOCAUX DE L&rsquo;OFPA<\/h4>\n<p><strong>THEME<\/strong> :\u00a0<strong>Comment r\u00e9ussir la transformation qualitative des Administrations publiques africaines dans un contexte g\u00e9opolitique difficile\u00a0?<br \/>\n<em>Cotonou (B\u00e9nin), 26 au 27 octobre 2017<br \/>\n<\/em><\/strong><\/p>\n\n<!-- G\u00e9n\u00e9ration r\u00e9alis\u00e9e avec Document Gallery. Obtenez votre version ici :http:\/\/wordpress.org\/extend\/plugins\/document-gallery -->\n<div id=\"document-gallery-1\" class=\"document-gallery\" data-shortcode='{\"id\":425,\"include\":\"444,445,446,447\",\"exclude\":\"\",\"attachment_pg\":false,\"columns\":5,\"descriptions\":false,\"fancy\":true,\"limit\":5,\"mime_types\":\"application,video,text,audio,image\",\"new_window\":false,\"order\":\"ASC\",\"orderby\":\"post__in\",\"paginate\":true,\"post_status\":\"any\",\"post_type\":\"attachment\",\"relation\":\"AND\",\"skip\":0}' data-icon-width='19'>\n<div class='document-icon-row'>\n   <div class=\"document-icon\">\n      <a href=\"https:\/\/www.ofpa.net\/wp-content\/uploads\/2018\/03\/Aide-m\u00e9moire.pdf\" target=\"_self\">\n         <img src=\"http:\/\/www.ofpa.net\/wp-content\/uploads\/2018\/03\/Aide-m\u00e9moire-thumb.png\" title=\"Aide m\u00e9moire\" alt=\"Aide m\u00e9moire\" data-ext=\"pdf\"\/>\n         <span class=\"title\">Aide m\u00e9moire<\/span>\n      <\/a>\n   <\/div>\n   <div class=\"document-icon\">\n      <a href=\"https:\/\/www.ofpa.net\/wp-content\/uploads\/2018\/03\/Communique-final-2eme-rencontre-PF.pdf\" target=\"_self\">\n         <img src=\"http:\/\/www.ofpa.net\/wp-content\/uploads\/2018\/03\/Communique-final-2eme-rencontre-PF-thumb.png\" title=\"Communique final 2eme rencontre PF\" alt=\"Communique final 2eme rencontre PF\" data-ext=\"pdf\"\/>\n         <span class=\"title\">Communique final 2eme rencontre PF<\/span>\n      <\/a>\n   <\/div>\n   <div class=\"document-icon\">\n      <a href=\"https:\/\/www.ofpa.net\/wp-content\/uploads\/2018\/03\/Points-Focaux-OFPA.pdf\" target=\"_self\">\n         <img src=\"http:\/\/www.ofpa.net\/wp-content\/uploads\/2018\/03\/Points-Focaux-OFPA-thumb.png\" title=\"Points Focaux OFPA\" alt=\"Points Focaux OFPA\" data-ext=\"pdf\"\/>\n         <span class=\"title\">Points Focaux OFPA<\/span>\n      <\/a>\n   <\/div>\n   <div class=\"document-icon\">\n      <a href=\"https:\/\/www.ofpa.net\/wp-content\/uploads\/2018\/03\/Programme-de-travail.pdf\" target=\"_self\">\n         <img src=\"http:\/\/www.ofpa.net\/wp-content\/uploads\/2018\/03\/Programme-de-travail-thumb.png\" title=\"Programme de travail\" alt=\"Programme de travail\" data-ext=\"pdf\"\/>\n         <span class=\"title\">Programme de travail<\/span>\n      <\/a>\n   <\/div>\n\n<\/div>\n<\/div>\n<p><strong><em>\u00a0<\/em><\/strong><\/p>\n<h4>SEMINAIRE REGIONAL<\/h4>\n<p>THEME : Protection sociale et retraite dans les fonctions publiques africaines : Principes de base et exp\u00e9riences compar\u00e9es<\/p>\n<p><em>Cotonou (B\u00e9nin), du 23 au 25 Octobre 2017<\/em><\/p>\n<div id=\"wrapper-content\">\n<div class=\"container\">\n<div id=\"main-content\">\n<article id=\"content\">\n<div class=\"entry-content\">\n\n<!-- G\u00e9n\u00e9ration r\u00e9alis\u00e9e avec Document Gallery. Obtenez votre version ici :http:\/\/wordpress.org\/extend\/plugins\/document-gallery -->\n<div id=\"document-gallery-2\" class=\"document-gallery dg-paginate-wrapper\" data-shortcode='{\"id\":425,\"include\":\"436,437,438,439,440,442,443\",\"exclude\":\"\",\"attachment_pg\":false,\"columns\":5,\"descriptions\":false,\"fancy\":true,\"limit\":5,\"mime_types\":\"application,video,text,audio,image\",\"new_window\":false,\"order\":\"ASC\",\"orderby\":\"post__in\",\"paginate\":true,\"post_status\":\"any\",\"post_type\":\"attachment\",\"relation\":\"AND\",\"skip\":0}' data-icon-width='19'>\n<div class='document-icon-row'>\n   <div class=\"document-icon\">\n      <a href=\"https:\/\/www.ofpa.net\/wp-content\/uploads\/2018\/03\/COMMUNIQUE-FINAL-SEMINAIRE-PSR-2017.pdf\" target=\"_self\">\n         <img src=\"http:\/\/www.ofpa.net\/wp-content\/uploads\/2018\/03\/COMMUNIQUE-FINAL-SEMINAIRE-PSR-2017-thumb.png\" title=\"COMMUNIQUE FINAL SEMINAIRE PSR 2017\" alt=\"COMMUNIQUE FINAL SEMINAIRE PSR 2017\" data-ext=\"pdf\"\/>\n         <span class=\"title\">COMMUNIQUE FINAL SEMINAIRE PSR 2017<\/span>\n      <\/a>\n   <\/div>\n   <div class=\"document-icon\">\n      <a href=\"https:\/\/www.ofpa.net\/wp-content\/uploads\/2018\/03\/Discours-ouverture-MTFPAS.pdf\" target=\"_self\">\n         <img src=\"http:\/\/www.ofpa.net\/wp-content\/uploads\/2018\/03\/Discours-ouverture-MTFPAS-thumb.png\" title=\"Discours ouverture MTFPAS\" alt=\"Discours ouverture MTFPAS\" data-ext=\"pdf\"\/>\n         <span class=\"title\">Discours ouverture MTFPAS<\/span>\n      <\/a>\n   <\/div>\n   <div class=\"document-icon\">\n      <a href=\"https:\/\/www.ofpa.net\/wp-content\/uploads\/2018\/03\/Gestion-dun-regime-de-retraite-cas-du-FNRB.pdf\" target=\"_self\">\n         <img src=\"http:\/\/www.ofpa.net\/wp-content\/uploads\/2018\/03\/Gestion-dun-regime-de-retraite-cas-du-FNRB-thumb.png\" title=\"Gestion dun regime de retraite cas du FNRB\" alt=\"Gestion dun regime de retraite cas du FNRB\" data-ext=\"pdf\"\/>\n         <span class=\"title\">Gestion dun regime de retraite cas du FNRB<\/span>\n      <\/a>\n   <\/div>\n   <div class=\"document-icon\">\n      <a href=\"https:\/\/www.ofpa.net\/wp-content\/uploads\/2018\/03\/LISTE-DES-PARTICIPANTS.pdf\" target=\"_self\">\n         <img src=\"http:\/\/www.ofpa.net\/wp-content\/uploads\/2018\/03\/LISTE-DES-PARTICIPANTS-thumb.png\" title=\"LISTE DES PARTICIPANTS\" alt=\"LISTE DES PARTICIPANTS\" data-ext=\"pdf\"\/>\n         <span class=\"title\">LISTE DES PARTICIPANTS<\/span>\n      <\/a>\n   <\/div>\n   <div class=\"document-icon\">\n      <a href=\"https:\/\/www.ofpa.net\/wp-content\/uploads\/2018\/03\/Mot-de-bienvenue-du-SE-OFPA.pdf\" target=\"_self\">\n         <img src=\"http:\/\/www.ofpa.net\/wp-content\/uploads\/2018\/03\/Mot-de-bienvenue-du-SE-OFPA-thumb.png\" title=\"Mot de bienvenue du SE-OFPA\" alt=\"Mot de bienvenue du SE-OFPA\" data-ext=\"pdf\"\/>\n         <span class=\"title\">Mot de bienvenue du SE-OFPA<\/span>\n      <\/a>\n   <\/div>\n\n<\/div>\n<div class=\"paginate\"><span aria-current=\"page\" class=\"page-numbers current\">1<\/span>\n<a class=\"page-numbers\" href=\"#dg_page=2\">2<\/a>\n<a class=\"next page-numbers\" href=\"#dg_page=2\">&raquo;<\/a><\/div><\/div>\n<p>&nbsp;<\/p>\n<\/div>\n<\/article>\n<\/div>\n<\/div>\n<\/div>\n<p>[\/vc_column_text][\/vc_column][\/vc_row][vc_row][vc_column][vc_video link=\u00a0\u00bb https:\/\/www.youtube.com\/watch?v=soPc_fXuQao&#038;feature=youtu.be \u00ab\u00a0{`vc_row`}\u00ab\u00a0{`vc_column`}\u00ab\u00a0{`vc_video`}\u00ab\u00a0{`\/vc_column`}\u00ab\u00a0{`\/vc_row`}`\u00a0\u00bb el_width=\u00a0\u00bb40&Prime; title=\u00a0\u00bbS\u00c9MINAIRE SUR LE TH\u00c8ME : Protection Sociale et Retraite dans les Fonction Publique Africaines\u00a0\u00bb][\/vc_column][\/vc_row]<\/p>\n","protected":false},"excerpt":{"rendered":"<p>[vc_row][vc_column][vc_column_text] DEUXIEME RENCONTRE DES POINTS FOCAUX DE L&rsquo;OFPA THEME :\u00a0Comment r\u00e9ussir la transformation qualitative des Administrations publiques africaines dans un contexte g\u00e9opolitique difficile\u00a0? Cotonou (B\u00e9nin), 26 au 27 octobre 2017&#8230; <a class=\"read-more-button\" href=\"https:\/\/www.ofpa.net\/fr\/activites-2017\/\">Savoir plus &gt;<\/a><\/p>\n","protected":false},"author":1,"featured_media":0,"parent":0,"menu_order":0,"comment_status":"closed","ping_status":"closed","template":"","meta":[],"_links":{"self":[{"href":"https:\/\/www.ofpa.net\/fr\/wp-json\/wp\/v2\/pages\/425"}],"collection":[{"href":"https:\/\/www.ofpa.net\/fr\/wp-json\/wp\/v2\/pages"}],"about":[{"href":"https:\/\/www.ofpa.net\/fr\/wp-json\/wp\/v2\/types\/page"}],"author":[{"embeddable":true,"href":"https:\/\/www.ofpa.net\/fr\/wp-json\/wp\/v2\/users\/1"}],"replies":[{"embeddable":true,"href":"https:\/\/www.ofpa.net\/fr\/wp-json\/wp\/v2\/comments?post=425"}],"version-history":[{"count":8,"href":"https:\/\/www.ofpa.net\/fr\/wp-json\/wp\/v2\/pages\/425\/revisions"}],"predecessor-version":[{"id":448,"href":"https:\/\/www.ofpa.net\/fr\/wp-json\/wp\/v2\/pages\/425\/revisions\/448"}],"wp:attachment":[{"href":"https:\/\/www.ofpa.net\/fr\/wp-json\/wp\/v2\/media?parent=425"}],"curies":[{"name":"wp","href":"https:\/\/api.w.org\/{rel}","templated":true}]}}